{"id":145,"date":"2018-04-01T19:26:24","date_gmt":"2018-04-01T17:26:24","guid":{"rendered":"http:\/\/www.joelfonsegrive.com\/?page_id=145"},"modified":"2026-04-28T22:03:27","modified_gmt":"2026-04-28T20:03:27","slug":"dates","status":"publish","type":"page","link":"https:\/\/www.joelfonsegrive.com\/index.php\/dates\/","title":{"rendered":"DATES"},"content":{"rendered":"\n<h2 class=\"wp-block-heading\">UPCOMING<\/h2>\n\n\n\n<p>starting nov 2025: MUSIC THEATRE @ Residenztheater M\u00fcnchen (DE) &#8211;&gt; <a href=\"https:\/\/www.residenztheater.de\/stuecke\/detail\/pippi-langstrumpf\" data-type=\"link\" data-id=\"https:\/\/www.residenztheater.de\/stuecke\/detail\/pippi-langstrumpf\"><strong><mark style=\"background-color:rgba(0, 0, 0, 0)\" class=\"has-inline-color has-pale-pink-color\">&#171;PIPPI LANGSTRUMPF&#187;<\/mark><\/strong><\/a> (Regie: Daniela Kranz)<\/p>\n\n\n\n<p>starting mar 14th 2026: THEATRE @ Schauspielhaus Theater Basel (CH) &#8211;&gt; <a href=\"https:\/\/www.theater-basel.ch\/de\/dieschaendungderlucretiaeincasting\" data-type=\"link\" data-id=\"https:\/\/www.theater-basel.ch\/de\/dieschaendungderlucretiaeincasting\"><strong><mark style=\"background-color:rgba(0, 0, 0, 0)\" class=\"has-inline-color has-pale-pink-color\">&#171;DIE SCH\u00c4NDUNG DER LUCRETIA: EIN CASTING&#187;<\/mark><\/strong><\/a> (Regie: Lola Arias)<\/p>\n\n\n\n<p>dec 2026: CLUB TOUR (Mannheim, Karlsruhe) &#8211;> <a href=\"http:\/\/www.dasvereinsheim.com\/\" data-type=\"link\" data-id=\"http:\/\/www.dasvereinsheim.com\/\"><strong><mark style=\"background-color:rgba(0, 0, 0, 0)\" class=\"has-inline-color has-pale-pink-color\">DAS VEREINSHEIM<\/mark><\/strong><\/a><\/p>\n\n\n\n<h2 class=\"wp-block-heading\">PAST<\/h2>\n\n\n\n<h6 class=\"wp-block-heading\">2026<\/h6>\n\n\n\n<p>apr 2026: CLUB TOUR (Mannheim, Karlsruhe) &#8211;> <a href=\"http:\/\/www.dasvereinsheim.com\/\" data-type=\"link\" data-id=\"http:\/\/www.dasvereinsheim.com\/\"><strong><mark style=\"background-color:rgba(0, 0, 0, 0)\" class=\"has-inline-color has-pale-pink-color\">DAS VEREINSHEIM<\/mark><\/strong><\/a><\/p>\n\n\n\n<p>mar 6th &amp; 7th 2026: CLUB SHOW @ Kuppel Basel (CH) &#8211;&gt; <a href=\"http:\/\/www.thebiancastory.com\/\" data-type=\"link\" data-id=\"http:\/\/www.thebiancastory.com\/\"><strong><mark style=\"background-color:rgba(0, 0, 0, 0)\" class=\"has-inline-color has-pale-pink-color\">THE BIANCA STORY<\/mark><\/strong><\/a><\/p>\n\n\n\n<p>jan 31st 2026: CLUB SHOW @ Guggenheim Liestal (CH) &#8211;&gt; <a href=\"https:\/\/guggenheimliestal.ch\/veranstaltungskalender-2\/\"><strong><mark style=\"background-color:rgba(0, 0, 0, 0)\" class=\"has-inline-color has-pale-pink-color\">GUGGENHEIM ALLSTAR BAND<\/mark><\/strong><\/a><\/p>\n\n\n\n<h6 class=\"wp-block-heading\">2025<\/h6>\n\n\n\n<p>nov\/dec 2025: CLUB TOUR (Mannheim, Karlsruhe, Mainz) &#8211;&gt; <a href=\"http:\/\/www.dasvereinsheim.com\/\" data-type=\"link\" data-id=\"http:\/\/www.dasvereinsheim.com\/\">DAS VEREINSHEIM<\/a><\/p>\n\n\n\n<p>may 2025: INTERACTIVE MUSIC PERFORMANCE @ augenauf! Festival Winterthur (CH) &#8211;&gt; <a href=\"https:\/\/www.mandarina.ch\/projekte\/wut\">&#171;WUT&#187;<\/a><\/p>\n\n\n\n<p>apr 2025: INTERACTIVE MUSIC PERFORMANCE @ Reims (FR) &#8211;&gt; &#171;<a href=\"https:\/\/www.mandarina.ch\/projekte\/wald\">FOR\u00caT<\/a>&#171;<\/p>\n\n\n\n<p>feb 2025: INTERACTIVE MUSIC PERFORMANCE @ B\u00fchne Aarau (CH) &#8211;&gt; <a href=\"https:\/\/www.mandarina.ch\/projekte\/wut\">&#171;WUT&#187;<\/a><\/p>\n\n\n\n<p>feb 2025: INTERACTIVE MUSIC PERFORMANCE @ Monthey (CH) &#8211;&gt; &#171;<a href=\"https:\/\/www.mandarina.ch\/projekte\/wald\">FOR\u00caT<\/a>&#171;<\/p>\n\n\n\n<h6 class=\"wp-block-heading\">2024<\/h6>\n\n\n\n<p>dec 2024: CLUB TOUR (DE) &#8211;&gt; <a href=\"http:\/\/www.dasvereinsheim.com\/\" data-type=\"link\" data-id=\"http:\/\/www.dasvereinsheim.com\/\">DAS VEREINSHEIM<\/a><\/p>\n\n\n\n<p><em>cancelled<\/em> <s>nov 2024: INTERACTIVE MUSIC PERFORMANCE @ B\u00fchne Aarau (CH) &#8211;&gt; <a href=\"https:\/\/www.mandarina.ch\/projekte\/wut\">&#171;WUT&#187;<\/a><\/s><\/p>\n\n\n\n<p>oct 2024: INTERACTIVE MUSIC PERFORMANCE @ Roxy Birsfelden (CH) &#8211;&gt; <a href=\"https:\/\/www.mandarina.ch\/projekte\/wut\">&#171;WUT&#187;<\/a><\/p>\n\n\n\n<p>oct 4th &#8211; 16h 2024: FAREWELL TOUR (DE) &#8211;&gt; <a href=\"https:\/\/klanmusik.de\/#tour\" data-type=\"link\" data-id=\"https:\/\/klanmusik.de\/#tour\">KLAN<\/a><\/p>\n\n\n\n<p>mar 19th &#8211; 23rd 2024: CLUB TOUR (DE) &#8211;&gt; <a href=\"http:\/\/www.dasvereinsheim.com\/\" data-type=\"link\" data-id=\"http:\/\/www.dasvereinsheim.com\/\">DAS VEREINSHEIM<\/a><\/p>\n\n\n\n<p>mar 2024: INTERACTIVE MUSIC PERFORMANCE @ Lokremise St. Gallen (CH) &#8211;&gt; <a href=\"https:\/\/www.mandarina.ch\/projekte\/wut\">&#171;WUT&#187;<\/a><\/p>\n\n\n\n<p>feb 2024: THEATRE (Z\u00fcrich, CH) &#8211;&gt; <a href=\"https:\/\/bernetta.net\/atoll\/mira\" data-type=\"link\" data-id=\"https:\/\/bernetta.net\/atoll\/mira\">MIRA ERKL\u00c4RT DIE WELT<\/a><\/p>\n\n\n\n<p>feb 2024: INTERACTIVE MUSIC PERFORMANCE @ Theater Chur (CH) &#8211;&gt; <a href=\"https:\/\/www.mandarina.ch\/projekte\/wut\">&#171;WUT&#187;<\/a><\/p>\n\n\n\n<p>feb 2024: INTERACTIVE MUSIC PERFORMANCE @ Friedrichsdorf (DE) &#8211;&gt; &#171;<a href=\"https:\/\/www.mandarina.ch\/projekte\/wald\">WALD<\/a>&#171;<\/p>\n\n\n\n<p>feb 2024: INTERACTIVE MUSIC PERFORMANCE @ Wiesbaden (DE) &#8211;&gt; &#171;<a href=\"https:\/\/www.mandarina.ch\/projekte\/wald\">WALD<\/a>&#171;<\/p>\n\n\n\n<h6 class=\"wp-block-heading\">2023<\/h6>\n\n\n\n<p>nov 2023: INTERACTIVE MUSIC PERFORMANCE @ Rote Fabrik Z\u00fcrich &#8211;&gt; <a href=\"https:\/\/www.mandarina.ch\/projekte\/wut\">&#171;WUT&#187;<\/a><\/p>\n\n\n\n<p>jul &#8211; sep 2023: FESTIVAL &amp; CLUB TOUR (DE) &#8211;&gt; <a href=\"https:\/\/klanmusik.de\/\" target=\"_blank\" rel=\"noreferrer noopener\">KLAN &#171;Jaaaaaaaaaaaaaaaa!&#187; Tour<\/a><\/p>\n\n\n\n<p>jun 2023: MUSIC THEATRE (Bern, CH) &#8211;&gt; QUART \u2013 eine Jukebox in Bern West<\/p>\n\n\n\n<p>jun 2023: THEATRE (Z\u00fcrich, CH) &#8211;&gt; <a href=\"https:\/\/bernetta.net\/atoll\/mira\" data-type=\"link\" data-id=\"https:\/\/bernetta.net\/atoll\/mira\">MIRA ERKL\u00c4RT DIE WELT<\/a><\/p>\n\n\n\n<p>jun 2023: INTERACTIVE MUSIC PERFORMANCE @ Landestheater Linz, Schauspielhaus (AT) &#8211;&gt; &#171;<a href=\"https:\/\/www.mandarina.ch\/projekte\/wald\">WALD<\/a>&#171;<\/p>\n\n\n\n<p>may 2023: INTERACTIVE MUSIC PERFORMANCE @ Theater Chur (CH) &#8211;&gt; &#171;<a href=\"https:\/\/www.mandarina.ch\/projekte\/wald\">WALD<\/a>&#171;<\/p>\n\n\n\n<p>apr 2023: CLUB TOUR (DE) &#8211;&gt; <a href=\"https:\/\/klanmusik.de\/\" target=\"_blank\" rel=\"noreferrer noopener\">KLAN &#171;Jaaaaaaaaaaaaaaaa!&#187; Tour<\/a><\/p>\n\n\n\n<p>mar 2023: INTERACTIVE MUSIC PERFORMANCE @ Schlachthaus Theater Bern (CH) &#8211;&gt; &#171;<a href=\"https:\/\/www.mandarina.ch\/projekte\/wald\">WALD<\/a>&#171;<\/p>\n\n\n\n<p>mar 2023: INTERACTIVE MUSIC PERFORMANCE @ Theater am Kirchplatz Schaan (LI) &#8211;&gt; &#171;<a href=\"https:\/\/www.mandarina.ch\/projekte\/wald\">WALD<\/a>&#171;<\/p>\n\n\n\n<h6 class=\"wp-block-heading\">2022<\/h6>\n\n\n\n<p>jun &#8211; aug 2022: FESTIVAL &amp; CLUB TOUR (DE) &#8211;&gt; <a rel=\"noreferrer noopener\" href=\"https:\/\/klanmusik.de\/\" target=\"_blank\">KLAN &#171;Zwei Seiten&#187; Tour<\/a><\/p>\n\n\n\n<h6 class=\"wp-block-heading\">2021<\/h6>\n\n\n\n<p>oct &#8211; dec 2021: MUSIC THEATRE @ Schauburg M\u00fcnchen (DE) &#8211;&gt; Hunderte Kinder in wildem Kampf (Club F\u00fcr Melodien)<meta charset=\"utf-8\"><br>sep 2021: <meta charset=\"utf-8\">FESTIVAL TOUR (DE) &#8211;&gt; <a rel=\"noopener\" href=\"https:\/\/klanmusik.de\/\" target=\"_blank\">KLAN &#171;Zwei Seiten&#187; Tour<\/a><\/p>\n\n\n\n<p><meta charset=\"utf-8\"><del datetime=\"2021-03-12T22:00:44+00:00\">summer 2021: FESTIVAL TOUR (DE) &#8211;&gt; <a rel=\"noopener\" href=\"https:\/\/klanmusik.de\/\" target=\"_blank\">KLAN &#171;Zwei Seiten&#187; Festivals Tour<\/a><\/del><br>may &#8211; jun 2021: FESTIVAL TOUR (DE) &#8211;&gt; <a rel=\"noopener\" href=\"https:\/\/klanmusik.de\/\" target=\"_blank\">KLAN &#171;Zwei Seiten&#187; Tour<\/a><br>may: ONLINE MUSIC PERFORMANCE &#8211;&gt; &#171;Katastrophen Club&#187; by Club F\u00fcr Melodien, presented by NewNormal.Art<\/p>\n\n\n\n<p><del datetime=\"2020-06-10T13:00:43+00:00\">jan &#8211; feb 2021<\/del> RESCHEDULED: CLUB TOUR (DE\/AT\/CH) &#8211;&gt; <a rel=\"noopener\" href=\"https:\/\/klanmusik.de\/\" target=\"_blank\">KLAN &#171;Zwei Seiten&#187; Tour<\/a><\/p>\n\n\n\n<p><\/p>\n\n\n\n<h6 class=\"wp-block-heading\">2020<\/h6>\n\n\n\n<p><\/p>\n\n\n\n<p>dec 15th 2020: RECORD RELEASE (Mouthwatering Records) &#8211;&gt; <a rel=\"noopener\" href=\"http:\/\/www.thebiancastory.com\/\" target=\"_blank\">The bianca Story &#171;Fata Morgana&#187;<\/a><br>sep 2020: FESTIVAL TOUR (DE) &#8211;&gt; KLAN &#171;Sommerseite Open Airs&#187;<br>jan &#8211; mar 2020: THEATRE (Theater Basel CH) &#8211;&gt; &#171;Wiederauferstehung der V\u00f6gel&#187; (Schauspiel von Thiemo Strutzenberger basierend auf \u00abTropenliebe\u00bb von Bernhard C. Sch\u00e4r, Regie: Katrin Hammerl)<br>jan &#8211; feb 2020: THEATRE (Theater Basel CH) &#8211;&gt; &#171;IMAGO&#187; (Ein Liebeswahn nach dem gleichnamigen Roman von Carl Spitteler, in einer Fassung von Katrin Hammerl)<br><del datetime=\"2020-06-10T13:00:43+00:00\">feb &#8211; apr 2020<\/del> RESCHEDULED: THEATRE (Theater Basel CH) &#8211;&gt; &#171;Exklusiv F\u00fcr Alle&#187;<br><del datetime=\"2020-06-10T13:00:43+00:00\">apr &#8211; may 2020<\/del> RESCHEDULED: CLUB TOUR (DE\/AT\/CH) &#8211;&gt; <a rel=\"noopener\" href=\"https:\/\/klanmusik.de\/\" target=\"_blank\">KLAN &#171;Winterseite&#187; Tour<\/a><br><del datetime=\"2020-06-10T13:00:43+00:00\">jun &#8211; aug 2020<\/del> CANCELLED: FESTIVAL TOUR (DE) &#8211;&gt; <a rel=\"noopener\" href=\"https:\/\/klanmusik.de\/\" target=\"_blank\">KLAN &#171;Zwei Seiten&#187; Festivals Tour<\/a><br><del datetime=\"2020-06-10T13:00:43+00:00\">oct 2020<\/del> RESCHEDULED: CLUB TOUR (DE\/AT\/CH) &#8211;&gt; <a rel=\"noopener\" href=\"https:\/\/klanmusik.de\/\" target=\"_blank\">KLAN &#171;Zwei Seiten&#187; Tour<\/a><\/p>\n\n\n\n<h6 class=\"wp-block-heading\">2019<\/h6>\n\n\n\n<p>nov &#8211; dec 2019: THEATRE (Theater Basel CH) &#8211;&gt; &#171;IMAGO&#187; (Ein Liebeswahn nach dem gleichnamigen Roman von Carl Spitteler, in einer Fassung von Katrin Hammerl)<br>may &#8211; sep: FESTIVAL TOUR (DE) &#8211;&gt; <a href=\"https:\/\/klanmusik.de\/\" target=\"_blank\" rel=\"noopener\">KLAN<\/a><br>may &#8211; jun: MUSIC THEATRE (Theater Basel CH) &#8211;&gt; &#171;Exklusiv F\u00fcr Alle&#187;<br>mar &#8211; apr: CLUB TOUR (DE\/AT\/CH) &#8211;&gt; <a href=\"https:\/\/klanmusik.de\/\" target=\"_blank\" rel=\"noopener\">KLAN &#171;Wann Hast Du Zeit&#187; Tour<\/a><br>jan: MUSIC THEATRE (Theater Basel CH) &#8211;&gt; <a href=\"https:\/\/www.theater-basel.ch\/Spielplan\/Herr-der-Diebe\/owuHqASB\/Pv4Ya\/\" target=\"_blank\" rel=\"noopener\">&#171;Herr der Diebe&#187;<\/a><\/p>\n\n\n\n<h6 class=\"wp-block-heading\">&nbsp;<\/h6>\n\n\n\n<h6 class=\"wp-block-heading\">2018<\/h6>\n\n\n\n<p>dec: MOVIE RELEASE &#8211;&gt; Bass recordings on &#171;Der Junge muss an die frische Luft&#187; (Warner Bros. \/ music by Niki Reiser)<br>dec: RECORD RELEASE &#8211;&gt; We Invented Paris &#171;Are We There Yet?&#187;<br>nov-dec: MUSIC THEATRE (Theater Basel CH) &#8211;&gt; <a href=\"https:\/\/www.theater-basel.ch\/Spielplan\/Herr-der-Diebe\/owuHqASB\/Pv4Ya\/\" target=\"_blank\" rel=\"noopener\">&#171;Herr der Diebe&#187;<\/a><br>oct-nov: CLUB TOUR (DE) &#8211;&gt; <a href=\"https:\/\/klanmusik.de\/\" target=\"_blank\" rel=\"noopener\">KLAN &#171;Wann Hast Du Zeit&#187; Tour<\/a><br>aug: RECORDING (Basel CH) &#8211;&gt; We Invented Paris<br>aug: RECORD RELEASE (Motor Music) \u2013&gt; Chiqanne &#171;Sommerzeit&#187;<br>may-aug: FESTIVAL TOUR (DE\/CH) &#8211;&gt; KLAN \/ We Invented Paris<br>jun: MUSIC THEATRE (Theater Basel CH) &#8211;&gt; &#171;Exklusiv F\u00fcr Alle&#187;<br>apr: CLUB TOUR (DE) &#8211;&gt; KLAN<br>jan: MUSIC THEATRE (Theater Basel CH) &#8211;&gt; &#171;Die Drei R\u00e4uber&#187;<\/p>\n\n\n\n<h6 class=\"wp-block-heading\">2017<\/h6>\n\n\n\n<p>MUSIC THEATRE (Theater Basel CH) &#8211;&gt; &#171;Die Drei R\u00e4uber&#187;<br>CLUB TOUR &#8211;&gt; We Invented Paris (DE, CH)<br>RECORD RELEASE&nbsp;(Spec Spec) &#8211;&gt; We Invented Paris &#171;Catastrophe&#187;<br>RECORDING (Berlin DE) &#8211;&gt; Chiqanne<br>RECORDING (Berlin DE) &#8211;&gt; We Invented Paris &#171;Catastrophe&#187;<br>CLUB TOUR (DE, CH) &#8211;&gt; We Invented Paris &#171;Tour de Catastrophe&#187;<\/p>\n\n\n\n<h6 class=\"wp-block-heading\">2016<\/h6>\n\n\n\n<p>MUSIC THEATRE (Konzerttheater Bern CH) &#8211;&gt; The bianca Story &#171;Peter Pan&#187;<br>RECORD RELEASE&nbsp;(Irascible) &#8211;&gt; The Wedding Party Massacre &#171;Love Returns&#187;<br>CLUB TOUR (CH) &#8211;&gt; The Wedding Party Massacre<br>CLUB &amp; FESTIVAL TOUR (DE\/CH) &#8211;&gt; We Invented Paris<\/p>\n\n\n\n<h6 class=\"wp-block-heading\">&nbsp;<\/h6>\n\n\n\n<h6 class=\"wp-block-heading\">2015<\/h6>\n\n\n\n<p>MUSIC THEATRE (Konzerttheater Bern CH) &#8211;&gt; The bianca Story &#171;Peter Pan&#187;<br>CLUB TOUR (CH) &#8211;&gt; The Wedding Party Massacre<br>RECORDING &#8211;&gt; The Wedding Party Massacre &#171;Love Returns&#187;<br>RADIO PLAY\/H\u00d6RSPIEL &#8211;&gt; Bass recordings for &#171;Eigentlich m\u00f6chte Frau Blum den Milchmann kennen lernen&#187;, Musik: Elia Rediger &#8211; Regie: P\u00e4ivi Stalder &#8211; Dramaturgie: Wolfram H\u00f6ll &#8211; Produktion: SRF 2015 \/ Mit: Peter Bichsel, Lotti Happle, Anja Sch\u00e4rer, Fabian M\u00fcller und Reto Stalder<\/p>\n\n\n\n<h6 class=\"wp-block-heading\">2014<\/h6>\n\n\n\n<p>MUSIC THEATRE&nbsp;(Deutsche Oper Berlin DE) &#8211;&gt; The bianca Story &#171;Gilgamesh Must Die!&#187;<br>MUSIC THEATRE TOUR (Gessnerallee Zurich CH, Konzerttheater Bern CH, Kaserne Basel CH) &#8211;&gt; The bianca Story &#171;Gilgamesh Must Die!&#187; (CH)<br>CLUB &amp; FESTIVAL TOUR (DE\/AT\/CH) &#8211;&gt; The bianca Story<br>RECORDING &#8211;&gt; Furio Fiasco &#171;The Window Shot EP&#187;<br>CLUB SHOW (CH) &#8211;&gt; Furio Fiasco<br>MUSIC THEATRE TOUR (CH) &#8211;&gt; Fabian Chiquet &#171;Parade&#187;<\/p>\n\n\n\n<h6 class=\"wp-block-heading\">2013<\/h6>\n\n\n\n<p>MUSIC THEATRE&nbsp;(Deutsche Oper Berlin DE) &#8211;&gt; M &amp; The Acid Monks<br>RECORD RELEASE&nbsp;(Motor) &#8211;&gt; The bianca Story &#171;M &amp; The Acid Monks&#187; Soundtrack<br>RECORDING (Berlin DE) &#8211;&gt; The bianca Story &#171;DIGGER&#187;<br>CROWDFUNDING &#8211;&gt; The bianca Story &#171;Bist Du Kumpel?&#187;<br>CLUB &amp; FESTIVAL TOUR (DE\/CH) &#8211;&gt; The bianca Story &#171;DIGGER&#187;-Tour<br>MUSIC THEATRE TOUR (CH) &#8211;&gt; Fabian Chiquet &#171;Parade&#187;<\/p>\n\n\n\n<h6 class=\"wp-block-heading\">2012<\/h6>\n\n\n\n<p>CLUB &amp; FESTIVAL TOUR(DE\/AT\/CH) &#8211;&gt; The bianca Story &#171;Coming Home&#187;-Tour<br>RECORDING &#8211;&gt; The bianca Story &#171;M &amp; The Acid Monks&#187; Soundtrack<br>CLUB SHOW (CH) &#8211;&gt; Furio Fiasco<br>MUSIC THEATRE TOUR (DE\/CH) &#8211;&gt; M &amp; The Acid Monks<\/p>\n\n\n\n<h6 class=\"wp-block-heading\">2011<\/h6>\n\n\n\n<p>RECORD RELEASE (Motor) &#8211;&gt; The bianca Story &#171;Coming Home&#187;<br>CLUB &amp; FESTIVAL TOUR (DE\/CH) &#8211;&gt; The bianca Story &#171;Coming Home&#187;-Tour<br>MUSIC THEATRE (CH) &#8211;&gt; M &amp; The Acid Monks<\/p>\n\n\n\n<h6 class=\"wp-block-heading\">2010<\/h6>\n\n\n\n<p>CLUB &amp; FESTIVAL TOUR (UK\/DE\/CH) &#8211;&gt; The bianca Story<br>CLUB TOUR (CH) &#8211;&gt; Ma\u00f1ana<br>RECORDING (Abbey Road Studios London UK) &#8211;&gt; The bianca Story &#171;Coming Home&#187;<br>DOCUMENTARY &#8211;&gt; The bianca Story &amp; Gregor Br\u00e4ndli &#171;High &amp; Low&#187;<\/p>\n\n\n\n<h6 class=\"wp-block-heading\">2009<\/h6>\n\n\n\n<p>CLUB TOUR (DE) &#8211;&gt; The bianca Story<br>CLUB &amp; FESTIVAL TOUR (USA\/CAN\/UK\/DE\/FR\/CH) &#8211;&gt; Ma\u00f1ana<br>RECORDING (Basel CH) &#8211;&gt; The Air Collective<br>CLUB &amp; FESTIVAL TOUR (CH) &#8211;&gt; The Air Collective<\/p>\n","protected":false},"excerpt":{"rendered":"<p>UPCOMING starting nov 2025: MUSIC THEATRE @ Residenztheater M\u00fcnchen (DE) &#8211;&gt; &#171;PIPPI LANGSTRUMPF&#187; (Regie: Daniela Kranz) starting mar 14th 2026: THEATRE @ Schauspielhaus Theater Basel (CH) &#8211;&gt; &#171;DIE SCH\u00c4NDUNG DER LUCRETIA: EIN CASTING&#187; (Regie: Lola Arias) dec 2026: CLUB TOUR (Mannheim, Karlsruhe) &#8211;> DAS VEREINSHEIM PAST 2026 apr 2026: CLUB TOUR (Mannheim, Karlsruhe) &#8211;> DAS [&hellip;]<\/p>\n","protected":false},"author":2,"featured_media":0,"parent":0,"menu_order":0,"comment_status":"closed","ping_status":"closed","template":"","meta":{"footnotes":""},"class_list":["post-145","page","type-page","status-publish","entry"],"_links":{"self":[{"href":"https:\/\/www.joelfonsegrive.com\/index.php\/wp-json\/wp\/v2\/pages\/145","targetHints":{"allow":["GET"]}}],"collection":[{"href":"https:\/\/www.joelfonsegrive.com\/index.php\/wp-json\/wp\/v2\/pages"}],"about":[{"href":"https:\/\/www.joelfonsegrive.com\/index.php\/wp-json\/wp\/v2\/types\/page"}],"author":[{"embeddable":true,"href":"https:\/\/www.joelfonsegrive.com\/index.php\/wp-json\/wp\/v2\/users\/2"}],"replies":[{"embeddable":true,"href":"https:\/\/www.joelfonsegrive.com\/index.php\/wp-json\/wp\/v2\/comments?post=145"}],"version-history":[{"count":114,"href":"https:\/\/www.joelfonsegrive.com\/index.php\/wp-json\/wp\/v2\/pages\/145\/revisions"}],"predecessor-version":[{"id":497,"href":"https:\/\/www.joelfonsegrive.com\/index.php\/wp-json\/wp\/v2\/pages\/145\/revisions\/497"}],"wp:attachment":[{"href":"https:\/\/www.joelfonsegrive.com\/index.php\/wp-json\/wp\/v2\/media?parent=145"}],"curies":[{"name":"wp","href":"https:\/\/api.w.org\/{rel}","templated":true}]}}